{"id":1513,"date":"2024-03-21T15:01:09","date_gmt":"2024-03-21T15:01:09","guid":{"rendered":"https:\/\/www.vacanzemasistablo.com\/impressum\/"},"modified":"2024-10-14T12:20:56","modified_gmt":"2024-10-14T12:20:56","slug":"impressum","status":"publish","type":"page","link":"https:\/\/www.vacanzemasistablo.com\/de\/impressum\/","title":{"rendered":"Impressum"},"content":{"rendered":"\t\t<div data-elementor-type=\"wp-page\" data-elementor-id=\"1513\" class=\"elementor elementor-1513 elementor-639\" data-elementor-post-type=\"page\">\n\t\t\t\t<div class=\"elementor-element elementor-element-7be71fc e-con-full e-flex e-con e-parent\" data-id=\"7be71fc\" data-element_type=\"container\" data-settings=\"{&quot;background_background&quot;:&quot;classic&quot;}\" data-core-v316-plus=\"true\">\n\t\t<div class=\"elementor-element elementor-element-0843f11 e-con-full e-flex e-con e-child\" data-id=\"0843f11\" data-element_type=\"container\">\n\t\t\t\t<div class=\"elementor-element elementor-element-499721f elementor-widget elementor-widget-heading\" data-id=\"499721f\" data-element_type=\"widget\" data-widget_type=\"heading.default\">\n\t\t\t\t<div class=\"elementor-widget-container\">\n\t\t\t<style>\/*! elementor - v3.20.0 - 13-03-2024 *\/\n.elementor-heading-title{padding:0;margin:0;line-height:1}.elementor-widget-heading .elementor-heading-title[class*=elementor-size-]>a{color:inherit;font-size:inherit;line-height:inherit}.elementor-widget-heading .elementor-heading-title.elementor-size-small{font-size:15px}.elementor-widget-heading .elementor-heading-title.elementor-size-medium{font-size:19px}.elementor-widget-heading .elementor-heading-title.elementor-size-large{font-size:29px}.elementor-widget-heading .elementor-heading-title.elementor-size-xl{font-size:39px}.elementor-widget-heading .elementor-heading-title.elementor-size-xxl{font-size:59px}<\/style><h2 class=\"elementor-heading-title elementor-size-default\">Impressum<\/h2>\t\t<\/div>\n\t\t\t\t<\/div>\n\t\t\t\t<div class=\"elementor-element elementor-element-32b55a4 elementor-widget elementor-widget-text-editor\" data-id=\"32b55a4\" data-element_type=\"widget\" data-widget_type=\"text-editor.default\">\n\t\t\t\t<div class=\"elementor-widget-container\">\n\t\t\t<style>\/*! elementor - v3.20.0 - 13-03-2024 *\/\n.elementor-widget-text-editor.elementor-drop-cap-view-stacked .elementor-drop-cap{background-color:#69727d;color:#fff}.elementor-widget-text-editor.elementor-drop-cap-view-framed .elementor-drop-cap{color:#69727d;border:3px solid;background-color:transparent}.elementor-widget-text-editor:not(.elementor-drop-cap-view-default) .elementor-drop-cap{margin-top:8px}.elementor-widget-text-editor:not(.elementor-drop-cap-view-default) .elementor-drop-cap-letter{width:1em;height:1em}.elementor-widget-text-editor .elementor-drop-cap{float:left;text-align:center;line-height:1;font-size:50px}.elementor-widget-text-editor .elementor-drop-cap-letter{display:inline-block}<\/style>\t\t\t\t<div class=\"impr\">\n\n<strong>Tima Sas di Prenzlow Martina<\/strong>\nVia alle Borche\n38024 Celledizzo TN\n<span style=\"text-decoration: underline;\"><a href=\"tel:+39 0463 754088\">+39 0463 754088<\/a><\/span>\n<span style=\"text-decoration: underline;\"><a href=\"mailto:info@chaletalpenrose.it\">info@chaletalpenrose.it<\/a><\/span>\n\n<table>\n<tbody>\n<tr>\n<th>Hof<\/th>\n<th>CIN<\/th>\n<\/tr>\n<tr>\n<td>Eichh\u00f6rnchen<\/td>\n<td>IT022136C28H6QONYM<\/td>\n<\/tr>\n<tr>\n<td>H\u00e4schen<\/td>\n<td>IT022136C2F6H9V2HU<\/td>\n<\/tr>\n<tr>\n<td>Gimpel<\/td>\n<td>IT022136C2P33ZQJCC<\/td>\n<\/tr>\n<tr>\n<td>Auerhahn<\/td>\n<td>IT022136C2VPA9QATA<\/td>\n<\/tr>\n<\/tbody>\n<\/table>\n<\/div>\nMwSt. Nr. 01537390229\n<div>\n<div>St. Nr. DSSTZN58S15G419U<\/div>\n<\/div>\n<div>\n<div>Gestzlicher Vertreter: <span class=\"TextRun SCXO265964502 BCX0\" lang=\"DE-DE\" xml:lang=\"DE-DE\" data-contrast=\"auto\"><span class=\"NormalTextRun SCXO265964502 BCX0\">Tiziano Dossi<\/span><\/span><\/div>\n<div><\/div>\n<\/div>\n<div>\n<div><strong>Quellenangaben f\u00fcr die verwendeten Bilder und Grafiken:<\/strong><\/div>\n<\/div>\n<ul>\n \t<li>Mariotti Mauro<\/li>\n<\/ul>\n<strong>\nStreitbeilegung<\/strong>\nPflichtinformation nach EU-Verordnung Nr. 524\/2013 des Europ\u00e4ischen Parlaments und Rats Plattform zur Online-Beilegung verbraucherrechtlicher Streitigkeiten (ODR) der Europ\u00e4ischen Kommission: <a href=\"http:\/\/ec.europa.eu\/consumers\/odr\/\" target=\"_blank\" rel=\"noopener\">http:\/\/ec.europa.eu\/consumers\/odr\/<\/a>\n<div style=\"margin-bottom: 15px;\">\n\n<strong>Verantwortlich f\u00fcr Konzeption &amp; Gestaltung \/ Umsetzung<\/strong>\n\nmuwit der sandra stablum\nOberstadt 60\n39043 Klausen (BZ)\nTel. <a href=\"tel:+39 347 1330206\">+39 347 1330206<\/a>\nMwSt. Nr. IT02730810211\nSt. Nr. STB SDR 88 A44 B160 S\n<a href=\"mailto:\">info@muwit.it<\/a>\n<a href=\"www.muwit.it\" target=\"_blank\" rel=\"noopener\">www.muwit.it<\/a>\n\n<\/div>\n<div style=\"margin-bottom: 15px;\">\n\n<strong>Haftungsausschluss:<\/strong>\n\nHaftung f\u00fcr InhalteDie Inhalte unserer Seiten wurden mit gr\u00f6\u00dfter Sorgfalt erstellt, bearbeitet und \u00fcberpr\u00fcft. F\u00fcr die Richtigkeit, Qualit\u00e4t, Vollst\u00e4ndigkeit und Aktualit\u00e4t der Inhalte k\u00f6nnen wir jedoch keine Gew\u00e4hr \u00fcbernehmen, auch da m\u00f6glicherweise in der Zwischenzeit \u00c4nderungen eingetreten sein k\u00f6nnten. Haftungsanspr\u00fcche jeglicher Natur, welche durch die Nutzung der bereitgestellten Informationen oder durch fehlende und\/oder unvollst\u00e4ndige Informationen verursacht wurden, sind grunds\u00e4tzlich ausgeschlossen.\n\n<\/div>\n<div style=\"margin-bottom: 15px;\"><strong>Haftung f\u00fcr Links<\/strong>Unser Angebot enth\u00e4lt Links zu externen Webseiten Dritter, auf deren Inhalte wir keinen Einfluss nehmen k\u00f6nnen. Aus diesem Grund k\u00f6nnen wir in Bezug auf die Inhalte der verlinkten Webseiten auch keine Gew\u00e4hr, welcher Natur auch immer, \u00fcbernehmen. F\u00fcr die Inhalte der verlinkten Seiten ist ausschlie\u00dflich der jeweilige Anbieter oder Betreiber dieser Seiten verantwortlich.<\/div>\n<div style=\"margin-bottom: 15px;\"><strong>Urheberrecht<\/strong>S\u00e4mtliche durch die Firma MUWit d. Sandra Stablum und die Seitenbetreiber erstellten Inhalte und Werke auf dieser Webseite sind urheberrechtlich gesch\u00fctzt. Die Vervielf\u00e4ltigung, Bearbeitung, Verbreitung und jegliche Art der Verwertung, insbesondere kommerzieller Natur, au\u00dferhalb der Grenzen des Urheberrechtes sind strikt untersagt und bed\u00fcrfen jedenfalls der vorherigen schriftlichen Zustimmung des jeweiligen Autors bzw. Erstellers. Soweit die Inhalte auf dieser Seite nicht vom Betreiber erstellt wurden, werden die Urheberrechte Dritter beachtet. Insbesondere werden Inhalte Dritter als solche gekennzeichnet. Sollten Sie trotzdem auf eine Urheberrechtsverletzung aufmerksam werden, bitten wir um einen entsprechenden Hinweis. Bei Bekanntwerden von Rechtsverletzungen solcher Natur werden wir derartige Inhalte nat\u00fcrlich umgehend entfernen, \u00fcbernehmen diesbez\u00fcglich jedoch keinerlei Haftung.<\/div>\n<style>\n.impr a{color:white!important;}<br \/><\/style>\t\t\t\t\t\t<\/div>\n\t\t\t\t<\/div>\n\t\t\t\t<\/div>\n\t\t\t\t<\/div>\n\t\t\t\t<\/div>\n\t\t","protected":false},"excerpt":{"rendered":"<p>Impressum Tima Sas di Prenzlow Martina Via alle Borche 38024 Celledizzo TN +39 0463 754088 info@chaletalpenrose.it Hof CIN Eichh\u00f6rnchen IT022136C28H6QONYM H\u00e4schen IT022136C2F6H9V2HU Gimpel IT022136C2P33ZQJCC Auerhahn IT022136C2VPA9QATA MwSt. Nr. 01537390229 St. Nr. DSSTZN58S15G419U Gestzlicher Vertreter: Tiziano Dossi Quellenangaben f\u00fcr die verwendeten Bilder und Grafiken: Mariotti Mauro Streitbeilegung Pflichtinformation nach EU-Verordnung Nr. 524\/2013 des Europ\u00e4ischen Parlaments und [&hellip;]<\/p>\n","protected":false},"author":1,"featured_media":0,"parent":0,"menu_order":0,"comment_status":"closed","ping_status":"closed","template":"","meta":{"footnotes":""},"yoast_head":"<!-- This site is optimized with the Yoast SEO plugin v22.2 - https:\/\/yoast.com\/wordpress\/plugins\/seo\/ -->\n<title>Impressum<\/title>\n<meta name=\"description\" content=\"Impressum\" \/>\n<meta name=\"robots\" content=\"index, follow, max-snippet:-1, max-image-preview:large, max-video-preview:-1\" \/>\n<link rel=\"canonical\" href=\"https:\/\/www.vacanzemasistablo.com\/de\/impressum\/\" \/>\n<meta property=\"og:locale\" content=\"de_DE\" \/>\n<meta property=\"og:type\" content=\"article\" \/>\n<meta property=\"og:title\" content=\"Impressum\" \/>\n<meta property=\"og:description\" content=\"Impressum\" \/>\n<meta property=\"og:url\" content=\"https:\/\/www.vacanzemasistablo.com\/de\/impressum\/\" \/>\n<meta property=\"og:site_name\" content=\"vacanzemasistablo\" \/>\n<meta property=\"article:modified_time\" content=\"2024-10-14T12:20:56+00:00\" \/>\n<meta name=\"twitter:card\" content=\"summary_large_image\" \/>\n<meta name=\"twitter:label1\" content=\"Gesch\u00e4tzte Lesezeit\" \/>\n\t<meta name=\"twitter:data1\" content=\"2 Minuten\" \/>\n<script type=\"application\/ld+json\" class=\"yoast-schema-graph\">{\"@context\":\"https:\/\/schema.org\",\"@graph\":[{\"@type\":\"WebPage\",\"@id\":\"https:\/\/www.vacanzemasistablo.com\/de\/impressum\/\",\"url\":\"https:\/\/www.vacanzemasistablo.com\/de\/impressum\/\",\"name\":\"Impressum\",\"isPartOf\":{\"@id\":\"https:\/\/www.vacanzemasistablo.com\/de\/#website\"},\"datePublished\":\"2024-03-21T15:01:09+00:00\",\"dateModified\":\"2024-10-14T12:20:56+00:00\",\"description\":\"Impressum\",\"breadcrumb\":{\"@id\":\"https:\/\/www.vacanzemasistablo.com\/de\/impressum\/#breadcrumb\"},\"inLanguage\":\"de-DE\",\"potentialAction\":[{\"@type\":\"ReadAction\",\"target\":[\"https:\/\/www.vacanzemasistablo.com\/de\/impressum\/\"]}]},{\"@type\":\"BreadcrumbList\",\"@id\":\"https:\/\/www.vacanzemasistablo.com\/de\/impressum\/#breadcrumb\",\"itemListElement\":[{\"@type\":\"ListItem\",\"position\":1,\"name\":\"Startseite\",\"item\":\"https:\/\/www.vacanzemasistablo.com\/de\/\"},{\"@type\":\"ListItem\",\"position\":2,\"name\":\"Impressum\"}]},{\"@type\":\"WebSite\",\"@id\":\"https:\/\/www.vacanzemasistablo.com\/de\/#website\",\"url\":\"https:\/\/www.vacanzemasistablo.com\/de\/\",\"name\":\"vacanzemasistablo\",\"description\":\"\",\"publisher\":{\"@id\":\"https:\/\/www.vacanzemasistablo.com\/de\/#organization\"},\"potentialAction\":[{\"@type\":\"SearchAction\",\"target\":{\"@type\":\"EntryPoint\",\"urlTemplate\":\"https:\/\/www.vacanzemasistablo.com\/de\/?s={search_term_string}\"},\"query-input\":\"required name=search_term_string\"}],\"inLanguage\":\"de-DE\"},{\"@type\":\"Organization\",\"@id\":\"https:\/\/www.vacanzemasistablo.com\/de\/#organization\",\"name\":\"vacanzemasistablo\",\"url\":\"https:\/\/www.vacanzemasistablo.com\/de\/\",\"logo\":{\"@type\":\"ImageObject\",\"inLanguage\":\"de-DE\",\"@id\":\"https:\/\/www.vacanzemasistablo.com\/de\/#\/schema\/logo\/image\/\",\"url\":\"https:\/\/www.vacanzemasistablo.com\/wp-content\/uploads\/2024\/03\/Gruppe-2342.svg\",\"contentUrl\":\"https:\/\/www.vacanzemasistablo.com\/wp-content\/uploads\/2024\/03\/Gruppe-2342.svg\",\"width\":253,\"height\":213,\"caption\":\"vacanzemasistablo\"},\"image\":{\"@id\":\"https:\/\/www.vacanzemasistablo.com\/de\/#\/schema\/logo\/image\/\"}}]}<\/script>\n<!-- \/ Yoast SEO plugin. -->","yoast_head_json":{"title":"Impressum","description":"Impressum","robots":{"index":"index","follow":"follow","max-snippet":"max-snippet:-1","max-image-preview":"max-image-preview:large","max-video-preview":"max-video-preview:-1"},"canonical":"https:\/\/www.vacanzemasistablo.com\/de\/impressum\/","og_locale":"de_DE","og_type":"article","og_title":"Impressum","og_description":"Impressum","og_url":"https:\/\/www.vacanzemasistablo.com\/de\/impressum\/","og_site_name":"vacanzemasistablo","article_modified_time":"2024-10-14T12:20:56+00:00","twitter_card":"summary_large_image","twitter_misc":{"Gesch\u00e4tzte Lesezeit":"2 Minuten"},"schema":{"@context":"https:\/\/schema.org","@graph":[{"@type":"WebPage","@id":"https:\/\/www.vacanzemasistablo.com\/de\/impressum\/","url":"https:\/\/www.vacanzemasistablo.com\/de\/impressum\/","name":"Impressum","isPartOf":{"@id":"https:\/\/www.vacanzemasistablo.com\/de\/#website"},"datePublished":"2024-03-21T15:01:09+00:00","dateModified":"2024-10-14T12:20:56+00:00","description":"Impressum","breadcrumb":{"@id":"https:\/\/www.vacanzemasistablo.com\/de\/impressum\/#breadcrumb"},"inLanguage":"de-DE","potentialAction":[{"@type":"ReadAction","target":["https:\/\/www.vacanzemasistablo.com\/de\/impressum\/"]}]},{"@type":"BreadcrumbList","@id":"https:\/\/www.vacanzemasistablo.com\/de\/impressum\/#breadcrumb","itemListElement":[{"@type":"ListItem","position":1,"name":"Startseite","item":"https:\/\/www.vacanzemasistablo.com\/de\/"},{"@type":"ListItem","position":2,"name":"Impressum"}]},{"@type":"WebSite","@id":"https:\/\/www.vacanzemasistablo.com\/de\/#website","url":"https:\/\/www.vacanzemasistablo.com\/de\/","name":"vacanzemasistablo","description":"","publisher":{"@id":"https:\/\/www.vacanzemasistablo.com\/de\/#organization"},"potentialAction":[{"@type":"SearchAction","target":{"@type":"EntryPoint","urlTemplate":"https:\/\/www.vacanzemasistablo.com\/de\/?s={search_term_string}"},"query-input":"required name=search_term_string"}],"inLanguage":"de-DE"},{"@type":"Organization","@id":"https:\/\/www.vacanzemasistablo.com\/de\/#organization","name":"vacanzemasistablo","url":"https:\/\/www.vacanzemasistablo.com\/de\/","logo":{"@type":"ImageObject","inLanguage":"de-DE","@id":"https:\/\/www.vacanzemasistablo.com\/de\/#\/schema\/logo\/image\/","url":"https:\/\/www.vacanzemasistablo.com\/wp-content\/uploads\/2024\/03\/Gruppe-2342.svg","contentUrl":"https:\/\/www.vacanzemasistablo.com\/wp-content\/uploads\/2024\/03\/Gruppe-2342.svg","width":253,"height":213,"caption":"vacanzemasistablo"},"image":{"@id":"https:\/\/www.vacanzemasistablo.com\/de\/#\/schema\/logo\/image\/"}}]}},"_links":{"self":[{"href":"https:\/\/www.vacanzemasistablo.com\/de\/wp-json\/wp\/v2\/pages\/1513"}],"collection":[{"href":"https:\/\/www.vacanzemasistablo.com\/de\/wp-json\/wp\/v2\/pages"}],"about":[{"href":"https:\/\/www.vacanzemasistablo.com\/de\/wp-json\/wp\/v2\/types\/page"}],"author":[{"embeddable":true,"href":"https:\/\/www.vacanzemasistablo.com\/de\/wp-json\/wp\/v2\/users\/1"}],"replies":[{"embeddable":true,"href":"https:\/\/www.vacanzemasistablo.com\/de\/wp-json\/wp\/v2\/comments?post=1513"}],"version-history":[{"count":25,"href":"https:\/\/www.vacanzemasistablo.com\/de\/wp-json\/wp\/v2\/pages\/1513\/revisions"}],"predecessor-version":[{"id":1902,"href":"https:\/\/www.vacanzemasistablo.com\/de\/wp-json\/wp\/v2\/pages\/1513\/revisions\/1902"}],"wp:attachment":[{"href":"https:\/\/www.vacanzemasistablo.com\/de\/wp-json\/wp\/v2\/media?parent=1513"}],"curies":[{"name":"wp","href":"https:\/\/api.w.org\/{rel}","templated":true}]}}